{"id":410,"date":"2023-01-09T09:43:08","date_gmt":"2023-01-09T09:43:08","guid":{"rendered":"http:\/\/www.ineurona.es\/?page_id=410"},"modified":"2023-01-12T17:02:38","modified_gmt":"2023-01-12T17:02:38","slug":"evaluacion-y-rehabilitacion-en-demencias","status":"publish","type":"page","link":"http:\/\/www.ineurona.es\/?page_id=410","title":{"rendered":"EVALUACI\u00d3N Y REHABILITACI\u00d3N EN DEMENCIAS"},"content":{"rendered":"\n<p>Las demencias son patolog\u00edas de car\u00e1cter irreversible que provocan grandes sufrimientos a quien las padece y a sus familias. En el Instituto de Neuropsicolog\u00eda tenemos un protocolo de tratamiento donde el objetivo es aumentar la calidad de vida del paciente y de sus familias. Evaluamos exhaustivamente los deterioros m\u00e1s incapacitantes del paciente y tratamos de combatir su evoluci\u00f3n por medio del tratamiento m\u00e1s adecuado para cada persona.<\/p>\n<p><br \/>El dise\u00f1o de una rehabilitaci\u00f3n neuropsicol\u00f3gica, sumado a una correcta alimentaci\u00f3n y unos h\u00e1bitos saludables, son la ecuaci\u00f3n que mejor funciona para retrasar lo m\u00e1ximo posible la fase m\u00e1s incapacitante de la demencia y dotar al enfermo de un mayor tiempo de autonom\u00eda y una mayor calidad de vida para sus familiares.<\/p>\n<ul>\n<li>Evaluaci\u00f3n exhaustiva y diagn\u00f3stico.<\/li>\n<li>Estimulaci\u00f3n cognitiva.<\/li>\n<li>Terapia grupal.<\/li>\n<li>Psicoterapia individual.\u00a0<\/li>\n<li>Sesiones de c\u00e1mara hiperb\u00e1rica.\u00a0<\/li>\n<\/ul>\n<p>\u00a0<\/p>\n<p>Tenemos dos modalidades de atenci\u00f3n, en nuestros centros o a domicilio, siempre en funci\u00f3n de lo que resulte m\u00e1s beneficioso para el paciente.\u00a0<\/p>\n<p>Para m\u00e1s informaci\u00f3n, p\u00f3ngase en contacto con nosotros.<\/p>\n","protected":false},"excerpt":{"rendered":"<p>Las demencias son patolog\u00edas de car\u00e1cter irreversible que provocan grandes sufrimientos a quien las padece y a sus familias. En &hellip;<\/p>\n","protected":false},"author":1,"featured_media":0,"parent":34,"menu_order":0,"comment_status":"closed","ping_status":"closed","template":"","meta":{"_mi_skip_tracking":false},"_links":{"self":[{"href":"http:\/\/www.ineurona.es\/index.php?rest_route=\/wp\/v2\/pages\/410"}],"collection":[{"href":"http:\/\/www.ineurona.es\/index.php?rest_route=\/wp\/v2\/pages"}],"about":[{"href":"http:\/\/www.ineurona.es\/index.php?rest_route=\/wp\/v2\/types\/page"}],"author":[{"embeddable":true,"href":"http:\/\/www.ineurona.es\/index.php?rest_route=\/wp\/v2\/users\/1"}],"replies":[{"embeddable":true,"href":"http:\/\/www.ineurona.es\/index.php?rest_route=%2Fwp%2Fv2%2Fcomments&post=410"}],"version-history":[{"count":4,"href":"http:\/\/www.ineurona.es\/index.php?rest_route=\/wp\/v2\/pages\/410\/revisions"}],"predecessor-version":[{"id":466,"href":"http:\/\/www.ineurona.es\/index.php?rest_route=\/wp\/v2\/pages\/410\/revisions\/466"}],"up":[{"embeddable":true,"href":"http:\/\/www.ineurona.es\/index.php?rest_route=\/wp\/v2\/pages\/34"}],"wp:attachment":[{"href":"http:\/\/www.ineurona.es\/index.php?rest_route=%2Fwp%2Fv2%2Fmedia&parent=410"}],"curies":[{"name":"wp","href":"https:\/\/api.w.org\/{rel}","templated":true}]}}