{"id":384,"date":"2023-01-05T16:40:17","date_gmt":"2023-01-05T16:40:17","guid":{"rendered":"http:\/\/www.ineurona.es\/?page_id=384"},"modified":"2023-01-12T17:29:40","modified_gmt":"2023-01-12T17:29:40","slug":"rendimiento-deportivo","status":"publish","type":"page","link":"http:\/\/www.ineurona.es\/?page_id=384","title":{"rendered":"RENDIMIENTO DEPORTIVO"},"content":{"rendered":"\n<p>La psicolog\u00eda deportiva tiene como objetivos principales ayudar a los deportistas a mejorar su rendimiento y comprender de qu\u00e9 manera la actividad f\u00edsica afecta a su desarrollo psicol\u00f3gico y bienestar en general. Para conseguir un plan de acci\u00f3n integral, desde el Instituto de Psicolog\u00eda Cl\u00ednica actuamos desde diferentes \u00e1mbitos.<\/p>\n<p>\u00a0<\/p>\n<p>Por un lado, para el trabajo del deportista hemos desarrollado un programa que tiene como objetivo lograr el mejor rendimiento en el plano deportivo, para ello integramos en \u00e9l, una serie de servicios que garanticen la mejora de habilidades y cualidades tanto f\u00edsicas como mentales.\u00a0<\/p>\n<ul>\n<li>Recuperaci\u00f3n y estimulaci\u00f3n.<\/li>\n<li>Mejora y aumento de la concentraci\u00f3n.<\/li>\n<li>Afrontamiento de las lesiones.<\/li>\n<li>Regulaci\u00f3n del estado de activaci\u00f3n mediante t\u00e9cnicas de Biofeedback y Neurofeedback.<\/li>\n<li>C\u00e1mara hiperb\u00e1rica.<\/li>\n<li>Luz infraroja de 900-1200 nm.<\/li>\n<\/ul>\n<p>\u00a0<\/p>\n<p>Nuestro \u00e1mbito de intervenci\u00f3n tambi\u00e9n incluye asesoramiento y trabajo con:<\/p>\n<ul>\n<li>Entrenadores y t\u00e9cnicos.<\/li>\n<li>Entorno del deportista.<\/li>\n<li>Clubes e Instituciones Deportivas.<\/li>\n<li>Federaciones.<\/li>\n<\/ul>\n<p>\u00a0<\/p>\n<p>Para m\u00e1s informaci\u00f3n puedes ponerte en contacto con nosotros.<\/p>\n","protected":false},"excerpt":{"rendered":"<p>La psicolog\u00eda deportiva tiene como objetivos principales ayudar a los deportistas a mejorar su rendimiento y comprender de qu\u00e9 manera &hellip;<\/p>\n","protected":false},"author":1,"featured_media":0,"parent":0,"menu_order":0,"comment_status":"closed","ping_status":"closed","template":"","meta":{"_mi_skip_tracking":false},"_links":{"self":[{"href":"http:\/\/www.ineurona.es\/index.php?rest_route=\/wp\/v2\/pages\/384"}],"collection":[{"href":"http:\/\/www.ineurona.es\/index.php?rest_route=\/wp\/v2\/pages"}],"about":[{"href":"http:\/\/www.ineurona.es\/index.php?rest_route=\/wp\/v2\/types\/page"}],"author":[{"embeddable":true,"href":"http:\/\/www.ineurona.es\/index.php?rest_route=\/wp\/v2\/users\/1"}],"replies":[{"embeddable":true,"href":"http:\/\/www.ineurona.es\/index.php?rest_route=%2Fwp%2Fv2%2Fcomments&post=384"}],"version-history":[{"count":6,"href":"http:\/\/www.ineurona.es\/index.php?rest_route=\/wp\/v2\/pages\/384\/revisions"}],"predecessor-version":[{"id":460,"href":"http:\/\/www.ineurona.es\/index.php?rest_route=\/wp\/v2\/pages\/384\/revisions\/460"}],"wp:attachment":[{"href":"http:\/\/www.ineurona.es\/index.php?rest_route=%2Fwp%2Fv2%2Fmedia&parent=384"}],"curies":[{"name":"wp","href":"https:\/\/api.w.org\/{rel}","templated":true}]}}