{"id":373,"date":"2023-01-05T10:47:11","date_gmt":"2023-01-05T10:47:11","guid":{"rendered":"http:\/\/www.ineurona.es\/?page_id=373"},"modified":"2023-01-13T09:53:53","modified_gmt":"2023-01-13T09:53:53","slug":"servicios","status":"publish","type":"page","link":"http:\/\/www.ineurona.es\/?page_id=373","title":{"rendered":"SERVICIOS"},"content":{"rendered":"\n<div class=\"is-layout-flex wp-container-2 wp-block-columns are-vertically-aligned-center\">\n<div class=\"is-layout-flow wp-block-column is-vertically-aligned-center\" style=\"flex-basis:100%\">\n<p>\u00a0<\/p>\n<p><strong><span style=\"color: #003366;\"><a style=\"color: #003366;\" href=\"http:\/\/www.ineurona.es\/?page_id=32\">Psicolog\u00eda Cl\u00ednica<\/a><\/span><\/strong><\/p>\n<p><strong><span style=\"color: #003366;\"><a style=\"color: #003366;\" href=\"http:\/\/www.ineurona.es\/?page_id=30\">Salud Integral<\/a><\/span><\/strong><\/p>\n<p><strong><span style=\"color: #003366;\"><a style=\"color: #003366;\" href=\"http:\/\/www.ineurona.es\/?page_id=34\">Neuropsicolog\u00eda y Rehabilitaci\u00f3n<\/a><\/span><\/strong><\/p>\n<p><strong><span style=\"color: #003366;\"><a style=\"color: #003366;\" href=\"http:\/\/www.ineurona.es\/?page_id=36\">Fibromialgia y Dolor Cr\u00f3nico<\/a><\/span><\/strong><\/p>\n<p><strong><span style=\"color: #003366;\"><a style=\"color: #003366;\" href=\"http:\/\/www.ineurona.es\/?page_id=38\">Tratamientos hiperb\u00e1ricos<\/a><\/span><\/strong><\/p>\n<p><a href=\"http:\/\/www.ineurona.es\/?page_id=384\"><strong><span style=\"color: #003366;\">Rendimiento deportivo<\/span><\/strong><\/a><\/p>\n<\/div>\n<\/div>\n","protected":false},"excerpt":{"rendered":"<p>\u00a0 Psicolog\u00eda Cl\u00ednica Salud Integral Neuropsicolog\u00eda y Rehabilitaci\u00f3n Fibromialgia y Dolor Cr\u00f3nico Tratamientos hiperb\u00e1ricos Rendimiento deportivo<\/p>\n","protected":false},"author":1,"featured_media":0,"parent":0,"menu_order":0,"comment_status":"closed","ping_status":"closed","template":"","meta":{"_mi_skip_tracking":false},"_links":{"self":[{"href":"http:\/\/www.ineurona.es\/index.php?rest_route=\/wp\/v2\/pages\/373"}],"collection":[{"href":"http:\/\/www.ineurona.es\/index.php?rest_route=\/wp\/v2\/pages"}],"about":[{"href":"http:\/\/www.ineurona.es\/index.php?rest_route=\/wp\/v2\/types\/page"}],"author":[{"embeddable":true,"href":"http:\/\/www.ineurona.es\/index.php?rest_route=\/wp\/v2\/users\/1"}],"replies":[{"embeddable":true,"href":"http:\/\/www.ineurona.es\/index.php?rest_route=%2Fwp%2Fv2%2Fcomments&post=373"}],"version-history":[{"count":5,"href":"http:\/\/www.ineurona.es\/index.php?rest_route=\/wp\/v2\/pages\/373\/revisions"}],"predecessor-version":[{"id":473,"href":"http:\/\/www.ineurona.es\/index.php?rest_route=\/wp\/v2\/pages\/373\/revisions\/473"}],"wp:attachment":[{"href":"http:\/\/www.ineurona.es\/index.php?rest_route=%2Fwp%2Fv2%2Fmedia&parent=373"}],"curies":[{"name":"wp","href":"https:\/\/api.w.org\/{rel}","templated":true}]}}