{"id":36,"date":"2017-09-11T20:10:46","date_gmt":"2017-09-11T20:10:46","guid":{"rendered":"http:\/\/www.ineurona.es\/?page_id=36"},"modified":"2023-01-16T12:07:35","modified_gmt":"2023-01-16T12:07:35","slug":"fibromialgia-y-dolor-cronico","status":"publish","type":"page","link":"http:\/\/www.ineurona.es\/?page_id=36","title":{"rendered":"FIBROMIALGIA Y DOLOR CR\u00d3NICO"},"content":{"rendered":"<p>Unidad creada para el tratamiento integral de la Fibromialgia y Dolor Cr\u00f3nico, cuyo diagn\u00f3stico tiene un efecto importante en las personas que lo padecen, llegando a ser incapacitantes en muchas ocasiones, tanto f\u00edsica como psicol\u00f3gicamente.<\/p>\n<p>Nuestra propuesta se basa en la selecci\u00f3n de una serie de servicios que tienen como objetivo mejorar y obtener una mayor calidad de vida a trav\u00e9s del manejo de los diferentes s\u00edntomas y conseguir as\u00ed, el alivio significativo del dolor y la inflamaci\u00f3n gracias a la combinaci\u00f3n de las t\u00e9cnicas aplicadas, entre ellas, la terapia hiperb\u00e1rica y ejercicio terap\u00e9utico, ya que el dolor conlleva sufrimiento y su prolongaci\u00f3n en el tiempo determina un empeoramiento del estado de salud y su funcionalidad.<\/p>\n<ul>\n<li>Gimnasia terap\u00e9utica adaptada y regulada.<\/li>\n<li>C\u00e1mara Hiperb\u00e1rica.<\/li>\n<li>Luz infrarroja 900-1200 nm.<\/li>\n<li>Atenci\u00f3n psicol\u00f3gica.<\/li>\n<li>Mindfulness y t\u00e9cnicas de relajaci\u00f3n.<\/li>\n<\/ul>\n<p>Para m\u00e1s informaci\u00f3n puede ponerse en contacto con nosotros.<\/p>\n","protected":false},"excerpt":{"rendered":"<p>Unidad creada para el tratamiento integral de la Fibromialgia y Dolor Cr\u00f3nico, cuyo diagn\u00f3stico tiene un efecto importante en las &hellip;<\/p>\n","protected":false},"author":1,"featured_media":0,"parent":373,"menu_order":0,"comment_status":"closed","ping_status":"closed","template":"","meta":{"_mi_skip_tracking":false},"_links":{"self":[{"href":"http:\/\/www.ineurona.es\/index.php?rest_route=\/wp\/v2\/pages\/36"}],"collection":[{"href":"http:\/\/www.ineurona.es\/index.php?rest_route=\/wp\/v2\/pages"}],"about":[{"href":"http:\/\/www.ineurona.es\/index.php?rest_route=\/wp\/v2\/types\/page"}],"author":[{"embeddable":true,"href":"http:\/\/www.ineurona.es\/index.php?rest_route=\/wp\/v2\/users\/1"}],"replies":[{"embeddable":true,"href":"http:\/\/www.ineurona.es\/index.php?rest_route=%2Fwp%2Fv2%2Fcomments&post=36"}],"version-history":[{"count":13,"href":"http:\/\/www.ineurona.es\/index.php?rest_route=\/wp\/v2\/pages\/36\/revisions"}],"predecessor-version":[{"id":504,"href":"http:\/\/www.ineurona.es\/index.php?rest_route=\/wp\/v2\/pages\/36\/revisions\/504"}],"up":[{"embeddable":true,"href":"http:\/\/www.ineurona.es\/index.php?rest_route=\/wp\/v2\/pages\/373"}],"wp:attachment":[{"href":"http:\/\/www.ineurona.es\/index.php?rest_route=%2Fwp%2Fv2%2Fmedia&parent=36"}],"curies":[{"name":"wp","href":"https:\/\/api.w.org\/{rel}","templated":true}]}}