{"id":34,"date":"2017-09-11T20:10:31","date_gmt":"2017-09-11T20:10:31","guid":{"rendered":"http:\/\/www.ineurona.es\/?page_id=34"},"modified":"2023-01-12T17:05:40","modified_gmt":"2023-01-12T17:05:40","slug":"rehabilitacion-neuropsicologica","status":"publish","type":"page","link":"http:\/\/www.ineurona.es\/?page_id=34","title":{"rendered":"REHABILITACI\u00d3N NEUROPSICOL\u00d3GICA"},"content":{"rendered":"<p>En el Instituto de Neuropsicolog\u00eda Cl\u00ednica ofrecemos un tratamiento de Neurorrehabilitaci\u00f3n, global e integrado, que tiene como principal objetivo lograr cambios funcionales y disminuir las secuelas cognitivas, conductuales y emocionales hasta lograr un nivel \u00f3ptimo de bienestar en el paciente.<\/p>\n<p>En nuestro centro, los protocolos de actuaci\u00f3n son totalmente adaptados a cada uno de nuestros pacientes en funci\u00f3n de sus necesidades. Todos ellos cuentan con un proceso de evaluaci\u00f3n y diferentes m\u00e9todos de intervenci\u00f3n, que van desde la estimulaci\u00f3n cognitiva hasta la intervenci\u00f3n con las familias.<\/p>\n<p>Si desea m\u00e1s informaci\u00f3n o desea solicitar una cita puede ponerse en contacto con nosotros.<\/p>\n<ul>\n<li><a href=\"http:\/\/www.ineurona.es\/?page_id=409\">EVALUACI\u00d3N Y REHABILITACI\u00d3N DEL DA\u00d1O CEREBRAL<\/a><\/li>\n<li><a href=\"http:\/\/www.ineurona.es\/?page_id=410\">EVALUACI\u00d3N Y REHABILITACI\u00d3N EN DEMENCIAS<\/a><\/li>\n<\/ul>\n","protected":false},"excerpt":{"rendered":"<p>En el Instituto de Neuropsicolog\u00eda Cl\u00ednica ofrecemos un tratamiento de Neurorrehabilitaci\u00f3n, global e integrado, que tiene como principal objetivo lograr &hellip;<\/p>\n","protected":false},"author":1,"featured_media":0,"parent":373,"menu_order":0,"comment_status":"closed","ping_status":"closed","template":"","meta":{"_mi_skip_tracking":false},"_links":{"self":[{"href":"http:\/\/www.ineurona.es\/index.php?rest_route=\/wp\/v2\/pages\/34"}],"collection":[{"href":"http:\/\/www.ineurona.es\/index.php?rest_route=\/wp\/v2\/pages"}],"about":[{"href":"http:\/\/www.ineurona.es\/index.php?rest_route=\/wp\/v2\/types\/page"}],"author":[{"embeddable":true,"href":"http:\/\/www.ineurona.es\/index.php?rest_route=\/wp\/v2\/users\/1"}],"replies":[{"embeddable":true,"href":"http:\/\/www.ineurona.es\/index.php?rest_route=%2Fwp%2Fv2%2Fcomments&post=34"}],"version-history":[{"count":11,"href":"http:\/\/www.ineurona.es\/index.php?rest_route=\/wp\/v2\/pages\/34\/revisions"}],"predecessor-version":[{"id":486,"href":"http:\/\/www.ineurona.es\/index.php?rest_route=\/wp\/v2\/pages\/34\/revisions\/486"}],"up":[{"embeddable":true,"href":"http:\/\/www.ineurona.es\/index.php?rest_route=\/wp\/v2\/pages\/373"}],"wp:attachment":[{"href":"http:\/\/www.ineurona.es\/index.php?rest_route=%2Fwp%2Fv2%2Fmedia&parent=34"}],"curies":[{"name":"wp","href":"https:\/\/api.w.org\/{rel}","templated":true}]}}