{"id":32,"date":"2017-09-11T20:10:19","date_gmt":"2017-09-11T20:10:19","guid":{"rendered":"http:\/\/www.ineurona.es\/?page_id=32"},"modified":"2023-01-16T08:33:43","modified_gmt":"2023-01-16T08:33:43","slug":"psicologia-clinica","status":"publish","type":"page","link":"http:\/\/www.ineurona.es\/?page_id=32","title":{"rendered":"PSICOLOG\u00cdA CL\u00cdNICA"},"content":{"rendered":"<p>En el Instituto de Neuropsicolog\u00eda ofrecemos asesoramiento y tratamiento psicol\u00f3gico para el abordaje de diferentes trastornos y dificultades a cualquier persona que sufra un malestar emocional o ps\u00edquico y que quiera mejorar su salud mental. Nuestro trabajo se caracteriza por ser humano, eficaz y pr\u00e1ctico, para ello nos centramos en el propio paciente, en sus fortalezas y debilidades, el contexto, sus valores&#8230;Evaluamos todos los factores necesarios para dise\u00f1ar un tratamiento cuyo objetivo sea restablecer la salud plena mediante la aplicaci\u00f3n de diferentes t\u00e9cnicas y herramientas psicol\u00f3gicas que promuevan un cambio personal y trabajen en aliviar los s\u00edntomas.<\/p>\n<p>Somos profesionales con amplia experiencia en el tratamiento de:<\/p>\n<ul>\n<li>Depresi\u00f3n.<\/li>\n<li>Ansiedad.<\/li>\n<li>Estr\u00e9s.<\/li>\n<li>Fobias y miedos.<\/li>\n<li>Problemas infantiles.<\/li>\n<li>Terapia familiar.<\/li>\n<\/ul>\n<p>Para m\u00e1s informaci\u00f3n p\u00f3ngase en contacto con nosotros.<\/p>\n","protected":false},"excerpt":{"rendered":"<p>En el Instituto de Neuropsicolog\u00eda ofrecemos asesoramiento y tratamiento psicol\u00f3gico para el abordaje de diferentes trastornos y dificultades a cualquier &hellip;<\/p>\n","protected":false},"author":1,"featured_media":0,"parent":373,"menu_order":0,"comment_status":"closed","ping_status":"closed","template":"","meta":{"_mi_skip_tracking":false},"_links":{"self":[{"href":"http:\/\/www.ineurona.es\/index.php?rest_route=\/wp\/v2\/pages\/32"}],"collection":[{"href":"http:\/\/www.ineurona.es\/index.php?rest_route=\/wp\/v2\/pages"}],"about":[{"href":"http:\/\/www.ineurona.es\/index.php?rest_route=\/wp\/v2\/types\/page"}],"author":[{"embeddable":true,"href":"http:\/\/www.ineurona.es\/index.php?rest_route=\/wp\/v2\/users\/1"}],"replies":[{"embeddable":true,"href":"http:\/\/www.ineurona.es\/index.php?rest_route=%2Fwp%2Fv2%2Fcomments&post=32"}],"version-history":[{"count":7,"href":"http:\/\/www.ineurona.es\/index.php?rest_route=\/wp\/v2\/pages\/32\/revisions"}],"predecessor-version":[{"id":496,"href":"http:\/\/www.ineurona.es\/index.php?rest_route=\/wp\/v2\/pages\/32\/revisions\/496"}],"up":[{"embeddable":true,"href":"http:\/\/www.ineurona.es\/index.php?rest_route=\/wp\/v2\/pages\/373"}],"wp:attachment":[{"href":"http:\/\/www.ineurona.es\/index.php?rest_route=%2Fwp%2Fv2%2Fmedia&parent=32"}],"curies":[{"name":"wp","href":"https:\/\/api.w.org\/{rel}","templated":true}]}}