{"id":30,"date":"2017-09-11T20:10:03","date_gmt":"2017-09-11T20:10:03","guid":{"rendered":"http:\/\/www.ineurona.es\/?page_id=30"},"modified":"2023-01-16T10:47:56","modified_gmt":"2023-01-16T10:47:56","slug":"unidad-de-salud-integral","status":"publish","type":"page","link":"http:\/\/www.ineurona.es\/?page_id=30","title":{"rendered":"UNIDAD DE SALUD INTEGRAL"},"content":{"rendered":"\n<p><strong>PROMOCI\u00d3N Y CUIDADO DE LA SALUD.<\/strong><\/p>\n\n\n\n<p>Programa cuidadosamente dise\u00f1ado para alcanzar el mejor estado de bienestar f\u00edsico y mental, cuyo objetivo principal es la promoci\u00f3n y cuidado de tu salud a trav\u00e9s de la prevenci\u00f3n.<br>Las actividades y servicios que ofrecemos se adaptan a cada persona, por lo que cuentan con una valoraci\u00f3n previa que nos permite adaptarnos 100% a tus necesidades. <\/p>\n\n\n\n<p>Esta unidad de salud busca implantar unos h\u00e1bitos saludables que propicien un estilo de vida activo. <\/p>\n\n\n\n<ul>\n<li>Gimnasia terap\u00e9utica.<\/li>\n\n\n\n<li>Ejercicios de Biofeedback y Neurofeedback.<\/li>\n\n\n\n<li>Relajaci\u00f3n progresiva guiada.<\/li>\n\n\n\n<li>C\u00e1mara hiperb\u00e1rica.<\/li>\n\n\n\n<li>Ejercicios de meditaci\u00f3n.<\/li>\n\n\n\n<li>Clases de Defensa Personal.<\/li>\n<\/ul>\n","protected":false},"excerpt":{"rendered":"<p>PROMOCI\u00d3N Y CUIDADO DE LA SALUD. Programa cuidadosamente dise\u00f1ado para alcanzar el mejor estado de bienestar f\u00edsico y mental, cuyo &hellip;<\/p>\n","protected":false},"author":1,"featured_media":0,"parent":373,"menu_order":0,"comment_status":"closed","ping_status":"closed","template":"","meta":{"_mi_skip_tracking":false},"_links":{"self":[{"href":"http:\/\/www.ineurona.es\/index.php?rest_route=\/wp\/v2\/pages\/30"}],"collection":[{"href":"http:\/\/www.ineurona.es\/index.php?rest_route=\/wp\/v2\/pages"}],"about":[{"href":"http:\/\/www.ineurona.es\/index.php?rest_route=\/wp\/v2\/types\/page"}],"author":[{"embeddable":true,"href":"http:\/\/www.ineurona.es\/index.php?rest_route=\/wp\/v2\/users\/1"}],"replies":[{"embeddable":true,"href":"http:\/\/www.ineurona.es\/index.php?rest_route=%2Fwp%2Fv2%2Fcomments&post=30"}],"version-history":[{"count":8,"href":"http:\/\/www.ineurona.es\/index.php?rest_route=\/wp\/v2\/pages\/30\/revisions"}],"predecessor-version":[{"id":502,"href":"http:\/\/www.ineurona.es\/index.php?rest_route=\/wp\/v2\/pages\/30\/revisions\/502"}],"up":[{"embeddable":true,"href":"http:\/\/www.ineurona.es\/index.php?rest_route=\/wp\/v2\/pages\/373"}],"wp:attachment":[{"href":"http:\/\/www.ineurona.es\/index.php?rest_route=%2Fwp%2Fv2%2Fmedia&parent=30"}],"curies":[{"name":"wp","href":"https:\/\/api.w.org\/{rel}","templated":true}]}}