{"id":100,"date":"2017-09-11T20:27:17","date_gmt":"2017-09-11T20:27:17","guid":{"rendered":"http:\/\/www.ineurona.es\/?page_id=100"},"modified":"2023-10-17T17:30:43","modified_gmt":"2023-10-17T17:30:43","slug":"contacto","status":"publish","type":"page","link":"http:\/\/www.ineurona.es\/?page_id=100","title":{"rendered":"Contacto"},"content":{"rendered":"<p><strong>Tel\u00e9fono<\/strong><\/p>\n<p><span class=\"section-info-text\">Cita previa o informaci\u00f3n: 661 24 00 57<\/span><\/p>\n<p><strong>Direcci\u00f3n<\/strong><\/p>\n<p><span class=\"section-info-text\">Calle Pontevedra N\u00ba 6 Bajo, 36979 Portonovo, PONTEVEDRA<\/span><\/p>\n<p><iframe loading=\"lazy\" style=\"border: 0;\" src=\"https:\/\/www.google.com\/maps\/embed?pb=!1m18!1m12!1m3!1d2946.2970293874296!2d-8.824458924185407!3d42.40011963257022!2m3!1f0!2f0!3f0!3m2!1i1024!2i768!4f13.1!3m3!1m2!1s0xd2f683b715ef78b%3A0x6610a443aded61bf!2sInstituto%20de%20Neuropsicolog%C3%ADa%20Cl%C3%ADnica!5e0!3m2!1ses!2ses!4v1695724547497!5m2!1ses!2ses\" width=\"600\" height=\"450\" allowfullscreen=\"allowfullscreen\"><\/iframe><\/p>\n<p><strong>Correo electr\u00f3nico<\/strong><\/p>\n<p>info@ineurona.es<\/p>\n<p>info.ineurona@gmail.com<\/p>\n<p><strong>Horario<\/strong><\/p>\n<p>Lunes a Viernes: 10:00 a 13:00 &#8211; 16:30 a 21:30<\/p>\n<p><strong>Formulario de Contacto<\/strong><\/p>\n<div class=\"wpcf7 no-js\" id=\"wpcf7-f679-o1\" lang=\"es-ES\" dir=\"ltr\">\n<div class=\"screen-reader-response\"><p role=\"status\" aria-live=\"polite\" aria-atomic=\"true\"><\/p> <ul><\/ul><\/div>\n<form action=\"\/index.php?rest_route=%2Fwp%2Fv2%2Fpages%2F100#wpcf7-f679-o1\" method=\"post\" class=\"wpcf7-form init\" aria-label=\"Formulario de contacto\" novalidate=\"novalidate\" data-status=\"init\">\n<div style=\"display: none;\">\n<input type=\"hidden\" name=\"_wpcf7\" value=\"679\" \/>\n<input type=\"hidden\" name=\"_wpcf7_version\" value=\"5.7.2\" \/>\n<input type=\"hidden\" name=\"_wpcf7_locale\" value=\"es_ES\" \/>\n<input type=\"hidden\" name=\"_wpcf7_unit_tag\" value=\"wpcf7-f679-o1\" \/>\n<input type=\"hidden\" name=\"_wpcf7_container_post\" value=\"0\" \/>\n<input type=\"hidden\" name=\"_wpcf7_posted_data_hash\" value=\"\" \/>\n<\/div>\n<p><label> Tu nombre<br \/>\n<span class=\"wpcf7-form-control-wrap\" data-name=\"your-name\"><input size=\"40\" class=\"wpcf7-form-control wpcf7-text wpcf7-validates-as-required\" autocomplete=\"name\" aria-required=\"true\" aria-invalid=\"false\" value=\"\" type=\"text\" name=\"your-name\" \/><\/span> <\/label>\n<\/p>\n<p><label> Tu correo electr\u00f3nico<br \/>\n<span class=\"wpcf7-form-control-wrap\" data-name=\"your-email\"><input size=\"40\" class=\"wpcf7-form-control wpcf7-text wpcf7-email wpcf7-validates-as-required wpcf7-validates-as-email\" autocomplete=\"email\" aria-required=\"true\" aria-invalid=\"false\" value=\"\" type=\"email\" name=\"your-email\" \/><\/span> <\/label>\n<\/p>\n<p><label> Asunto<br \/>\n<span class=\"wpcf7-form-control-wrap\" data-name=\"your-subject\"><input size=\"40\" class=\"wpcf7-form-control wpcf7-text wpcf7-validates-as-required\" aria-required=\"true\" aria-invalid=\"false\" value=\"\" type=\"text\" name=\"your-subject\" \/><\/span> <\/label>\n<\/p>\n<p><label> Tu mensaje (opcional)<br \/>\n<span class=\"wpcf7-form-control-wrap\" data-name=\"your-message\"><textarea cols=\"40\" rows=\"10\" class=\"wpcf7-form-control wpcf7-textarea\" aria-invalid=\"false\" name=\"your-message\"><\/textarea><\/span> <\/label>\n<\/p>\n<p><input class=\"wpcf7-form-control has-spinner wpcf7-submit\" type=\"submit\" value=\"Enviar\" \/>\n<\/p><div class=\"wpcf7-response-output\" aria-hidden=\"true\"><\/div><\/form><\/div>\n","protected":false},"excerpt":{"rendered":"<p>Tel\u00e9fono Cita previa o informaci\u00f3n: 661 24 00 57 Direcci\u00f3n Calle Pontevedra N\u00ba 6 Bajo, 36979 Portonovo, PONTEVEDRA Correo electr\u00f3nico &hellip;<\/p>\n","protected":false},"author":1,"featured_media":0,"parent":0,"menu_order":0,"comment_status":"closed","ping_status":"closed","template":"","meta":{"_mi_skip_tracking":false},"_links":{"self":[{"href":"http:\/\/www.ineurona.es\/index.php?rest_route=\/wp\/v2\/pages\/100"}],"collection":[{"href":"http:\/\/www.ineurona.es\/index.php?rest_route=\/wp\/v2\/pages"}],"about":[{"href":"http:\/\/www.ineurona.es\/index.php?rest_route=\/wp\/v2\/types\/page"}],"author":[{"embeddable":true,"href":"http:\/\/www.ineurona.es\/index.php?rest_route=\/wp\/v2\/users\/1"}],"replies":[{"embeddable":true,"href":"http:\/\/www.ineurona.es\/index.php?rest_route=%2Fwp%2Fv2%2Fcomments&post=100"}],"version-history":[{"count":17,"href":"http:\/\/www.ineurona.es\/index.php?rest_route=\/wp\/v2\/pages\/100\/revisions"}],"predecessor-version":[{"id":680,"href":"http:\/\/www.ineurona.es\/index.php?rest_route=\/wp\/v2\/pages\/100\/revisions\/680"}],"wp:attachment":[{"href":"http:\/\/www.ineurona.es\/index.php?rest_route=%2Fwp%2Fv2%2Fmedia&parent=100"}],"curies":[{"name":"wp","href":"https:\/\/api.w.org\/{rel}","templated":true}]}}